{"id":877,"date":"2015-09-29T09:49:45","date_gmt":"2015-09-29T07:49:45","guid":{"rendered":"https:\/\/www.blamuka.at\/?page_id=877"},"modified":"2020-05-06T22:29:13","modified_gmt":"2020-05-06T20:29:13","slug":"wildcats","status":"publish","type":"page","link":"https:\/\/www.blamuka.at\/?page_id=877","title":{"rendered":"Wildcats"},"content":{"rendered":"<p>2011 starteten die &#8220;Wildcats&#8221; &#8211; die wilden Katzen aus Katzelsdorf als gemeinsames Projekt der Musikschule und der Jugendblasmusik. Aus den 8 wilden Katzen der ersten Probe wurde inzwischen ein Jugendblasorchester mit knapp 30 mehr oder weniger gez\u00e4hmten K\u00e4tzchen und Katern.<\/p>\n<p>Geprobt wird flei\u00dfig jeden Donnerstag im Proberaum der Blasmusik und Auftritte gibt es nat\u00fcrlich auch einige. So bereichern wir das Fr\u00fchjahrskonzert der Blasmusik Katzelsdorf mit unserem jugendlichen Elan, bringen etwas Schwung in Musikschulkonzerte, nehmen an Wettbewerben teil oder begleiten die Sonne am l\u00e4ngsten Tag im Jahr bei der Katzelsdorfer Sonnwendfeier.<\/p>\n<p><a href=\"\/?page_id=898\">Mitmachen<\/a><\/p>\n<p><img loading=\"lazy\" decoding=\"async\" class=\"alignnone size-full wp-image-908\" src=\"https:\/\/www.blamuka.at\/wp-content\/uploads\/2015\/09\/02_wildcats-DSC_8140.jpg\" alt=\"02_wildcats - DSC_8140\" width=\"1700\" height=\"1126\" srcset=\"https:\/\/www.blamuka.at\/wp-content\/uploads\/2015\/09\/02_wildcats-DSC_8140.jpg 1700w, https:\/\/www.blamuka.at\/wp-content\/uploads\/2015\/09\/02_wildcats-DSC_8140-300x199.jpg 300w, https:\/\/www.blamuka.at\/wp-content\/uploads\/2015\/09\/02_wildcats-DSC_8140-1631x1080.jpg 1631w, https:\/\/www.blamuka.at\/wp-content\/uploads\/2015\/09\/02_wildcats-DSC_8140-300x199@2x.jpg 600w\" sizes=\"auto, (max-width: 1700px) 100vw, 1700px\" \/><\/p>\n","protected":false},"excerpt":{"rendered":"<p>2011 starteten die &#8220;Wildcats&#8221; &#8211; die wilden Katzen aus Katzelsdorf als gemeinsames Projekt der Musikschule und der Jugendblasmusik. Aus den 8 wilden Katzen der ersten Probe wurde inzwischen ein Jugendblasorchester [&hellip;]<\/p>\n","protected":false},"author":1,"featured_media":0,"parent":0,"menu_order":0,"comment_status":"closed","ping_status":"closed","template":"","meta":{"_monsterinsights_skip_tracking":false,"_monsterinsights_sitenote_active":false,"_monsterinsights_sitenote_note":"","_monsterinsights_sitenote_category":0,"_uf_show_specific_survey":0,"_uf_disable_surveys":false,"ngg_post_thumbnail":0,"footnotes":""},"class_list":["post-877","page","type-page","status-publish","hentry"],"aioseo_notices":[],"_links":{"self":[{"href":"https:\/\/www.blamuka.at\/index.php?rest_route=\/wp\/v2\/pages\/877","targetHints":{"allow":["GET"]}}],"collection":[{"href":"https:\/\/www.blamuka.at\/index.php?rest_route=\/wp\/v2\/pages"}],"about":[{"href":"https:\/\/www.blamuka.at\/index.php?rest_route=\/wp\/v2\/types\/page"}],"author":[{"embeddable":true,"href":"https:\/\/www.blamuka.at\/index.php?rest_route=\/wp\/v2\/users\/1"}],"replies":[{"embeddable":true,"href":"https:\/\/www.blamuka.at\/index.php?rest_route=%2Fwp%2Fv2%2Fcomments&post=877"}],"version-history":[{"count":0,"href":"https:\/\/www.blamuka.at\/index.php?rest_route=\/wp\/v2\/pages\/877\/revisions"}],"wp:attachment":[{"href":"https:\/\/www.blamuka.at\/index.php?rest_route=%2Fwp%2Fv2%2Fmedia&parent=877"}],"curies":[{"name":"wp","href":"https:\/\/api.w.org\/{rel}","templated":true}]}}